{"id":9196,"date":"2021-05-13T21:14:43","date_gmt":"2021-05-13T19:14:43","guid":{"rendered":"https:\/\/banques-ecoles.fr\/cms\/?page_id=9196"},"modified":"2023-08-31T12:09:14","modified_gmt":"2023-08-31T10:09:14","slug":"session-2021-2","status":"publish","type":"page","link":"https:\/\/banques-ecoles.fr\/cms\/filiere-mp\/annales-de-la-banque-mmpmpi\/session-2021-2\/","title":{"rendered":"Session 2021"},"content":{"rendered":"\n<p><strong>Sujets des \u00e9preuves \u00e9crites de la banque M\/MP-M\/MPI 2021 :<\/strong><\/p>\n<p>\u00a0<\/p>\n<p><a href=\"https:\/\/banques-ecoles.fr\/cms\/wp-content\/uploads\/2021\/07\/2021_MP_sujet_MathA.pdf\" target=\"_blank\" rel=\"noopener\">\u00c9preuve \u00e9crite de Math A &#8211; 4h &#8211; MP XLCR<\/a><\/p>\n<p><a href=\"https:\/\/banques-ecoles.fr\/cms\/wp-content\/uploads\/2021\/07\/2021_MP_sujet_MathB.pdf\" target=\"_blank\" rel=\"noopener\">\u00c9preuve \u00e9crite de Math B &#8211; 4h &#8211; MP X<\/a><\/p>\n<p><a href=\"https:\/\/banques-ecoles.fr\/cms\/wp-content\/uploads\/2021\/07\/2021_MP_sujet_MathC.pdf\" target=\"_blank\" rel=\"noopener\">\u00c9preuve \u00e9crite de Math C &#8211; 4h &#8211; MP ULCR<\/a><\/p>\n<p><a href=\"https:\/\/banques-ecoles.fr\/cms\/wp-content\/uploads\/2021\/09\/21_mp_sujet_mathd.pdf\" target=\"_blank\" rel=\"noopener\">\u00c9preuve \u00e9crite de Math D &#8211; 6h &#8211; MP U<\/a><\/p>\n<p><a href=\"https:\/\/banques-ecoles.fr\/cms\/wp-content\/uploads\/2021\/07\/2021_MP_sujet_InfoA.pdf\" target=\"_blank\" rel=\"noopener\">\u00c9preuve \u00e9crite de Info A &#8211; 4h &#8211; MP XULCR<\/a><\/p>\n<p><a href=\"https:\/\/banques-ecoles.fr\/cms\/wp-content\/uploads\/2021\/07\/2021_MPPC_sujet_InfoB.pdf\" target=\"_blank\" rel=\"noopener\">\u00c9preuve \u00e9crite de Info B &#8211; 2h &#8211; MP-PC XELCR<\/a><\/p>\n<p><a href=\"https:\/\/banques-ecoles.fr\/cms\/wp-content\/uploads\/2021\/07\/2021_MP_sujet_Phy.pdf\" target=\"_blank\" rel=\"noopener\">\u00c9preuve \u00e9crite de Physique &#8211; 4h &#8211; MP XULCR<\/a><\/p>\n<p><a href=\"https:\/\/banques-ecoles.fr\/cms\/wp-content\/uploads\/2021\/05\/21_mp_suj_psi_x.pdf\" target=\"_blank\" rel=\"noopener\">\u00c9preuve \u00e9crite de P&amp;SI &#8211; 4h &#8211; MP X<\/a><\/p>\n<p><a href=\"https:\/\/banques-ecoles.fr\/cms\/wp-content\/uploads\/2021\/07\/2021_MPPC_sujet_Fr.pdf\" target=\"_blank\" rel=\"noopener\">\u00c9preuve \u00e9crite de fran\u00e7ais &#8211; 4h &#8211; MP-PC XEULCR<\/a><\/p>\n<p>\u00a0<\/p>\n<p><em>\u00c9preuve \u00e9crite de LV &#8211; 4h &#8211; MP-PC XEULCR :<\/em><\/p>\n<ul>\n<li><a href=\"https:\/\/banques-ecoles.fr\/cms\/wp-content\/uploads\/2021\/07\/2021_MPPC_sujet_All.pdf\" target=\"_blank\" rel=\"noopener\">allemand<\/a><\/li>\n<li><a href=\"https:\/\/banques-ecoles.fr\/cms\/wp-content\/uploads\/2021\/07\/2021_MPPC_sujet_Ang.pdf\" target=\"_blank\" rel=\"noopener\">anglais<\/a><\/li>\n<li><a href=\"https:\/\/banques-ecoles.fr\/cms\/wp-content\/uploads\/2021\/07\/2021_MPPC_sujet_Arabe.pdf\" target=\"_blank\" rel=\"noopener\">arabe<\/a><\/li>\n<li><a href=\"https:\/\/banques-ecoles.fr\/cms\/wp-content\/uploads\/2021\/07\/2021_MPPC_sujet_Esp.pdf\" target=\"_blank\" rel=\"noopener\">espagnol<\/a><\/li>\n<\/ul>\n","protected":false},"excerpt":{"rendered":"<p>Sujets des \u00e9preuves \u00e9crites de la banque M\/MP-M\/MPI 2021 : \u00a0 \u00c9preuve \u00e9crite de Math A &#8211; 4h &#8211; MP XLCR \u00c9preuve \u00e9crite de Math B &#8211; 4h &#8211; MP X \u00c9preuve \u00e9crite de Math C &#8211; 4h &#8211; MP <a href=\"https:\/\/banques-ecoles.fr\/cms\/filiere-mp\/annales-de-la-banque-mmpmpi\/session-2021-2\/\">[Lire la suite]<\/a><\/p>\n","protected":false},"author":5,"featured_media":0,"parent":728,"menu_order":0,"comment_status":"closed","ping_status":"closed","template":"","meta":{"footnotes":""},"class_list":["post-9196","page","type-page","status-publish","hentry"],"_links":{"self":[{"href":"https:\/\/banques-ecoles.fr\/cms\/wp-json\/wp\/v2\/pages\/9196","targetHints":{"allow":["GET"]}}],"collection":[{"href":"https:\/\/banques-ecoles.fr\/cms\/wp-json\/wp\/v2\/pages"}],"about":[{"href":"https:\/\/banques-ecoles.fr\/cms\/wp-json\/wp\/v2\/types\/page"}],"author":[{"embeddable":true,"href":"https:\/\/banques-ecoles.fr\/cms\/wp-json\/wp\/v2\/users\/5"}],"replies":[{"embeddable":true,"href":"https:\/\/banques-ecoles.fr\/cms\/wp-json\/wp\/v2\/comments?post=9196"}],"version-history":[{"count":15,"href":"https:\/\/banques-ecoles.fr\/cms\/wp-json\/wp\/v2\/pages\/9196\/revisions"}],"predecessor-version":[{"id":9638,"href":"https:\/\/banques-ecoles.fr\/cms\/wp-json\/wp\/v2\/pages\/9196\/revisions\/9638"}],"up":[{"embeddable":true,"href":"https:\/\/banques-ecoles.fr\/cms\/wp-json\/wp\/v2\/pages\/728"}],"wp:attachment":[{"href":"https:\/\/banques-ecoles.fr\/cms\/wp-json\/wp\/v2\/media?parent=9196"}],"curies":[{"name":"wp","href":"https:\/\/api.w.org\/{rel}","templated":true}]}}