{"id":9211,"date":"2021-05-23T15:44:24","date_gmt":"2021-05-23T13:44:24","guid":{"rendered":"https:\/\/banques-ecoles.fr\/cms\/?page_id=9211"},"modified":"2023-08-31T11:35:57","modified_gmt":"2023-08-31T09:35:57","slug":"session-2021-3","status":"publish","type":"page","link":"https:\/\/banques-ecoles.fr\/cms\/filiere-pc\/annales-de-la-banque-pc\/session-2021-3\/","title":{"rendered":"Session 2021"},"content":{"rendered":"\n<p><strong>Sujets des \u00e9preuves \u00e9crites de la banque PC, session 2021 :<\/strong><\/p>\n<p><span style=\"color: #ffffff;\">x<\/span><\/p>\n<p><a href=\"https:\/\/banques-ecoles.fr\/cms\/wp-content\/uploads\/2021\/07\/2021_PC_sujet_Math.pdf\" target=\"_blank\" rel=\"noopener\">\u00c9crit Math \u2013 4h \u2013 PC XEULC<\/a><\/p>\n<p><a href=\"https:\/\/banques-ecoles.fr\/cms\/wp-content\/uploads\/2021\/07\/2021_PC_sujet_ChiA.pdf\" target=\"_blank\" rel=\"noopener\">\u00c9crit Chi A \u2013 4h \u2013 PC XEULC<\/a><\/p>\n<p><a href=\"https:\/\/banques-ecoles.fr\/cms\/wp-content\/uploads\/2021\/09\/21_pc_sujet_chib.pdf\" target=\"_blank\" rel=\"noopener\">\u00c9crit Chi B \u2013 6h \u2013 PC U<\/a><\/p>\n<p><a href=\"https:\/\/banques-ecoles.fr\/cms\/wp-content\/uploads\/2021\/07\/2021_PC_sujet_PhyA.pdf\" target=\"_blank\" rel=\"noopener\">\u00c9crit Phy A \u2013 4h \u2013 PC XE<\/a><\/p>\n<p><a href=\"https:\/\/banques-ecoles.fr\/cms\/wp-content\/uploads\/2021\/07\/2021_PC_sujet_PhyB.pdf\" target=\"_blank\" rel=\"noopener\">\u00c9crit Phy B \u2013 4h \u2013 PC XEULC<\/a><\/p>\n<p><a href=\"https:\/\/banques-ecoles.fr\/cms\/wp-content\/uploads\/2021\/09\/21_pc_sujet_phyc.pdf\" target=\"_blank\" rel=\"noopener\">\u00c9crit Phy C \u2013 6h \u2013 PC U<\/a><\/p>\n<p><a href=\"https:\/\/banques-ecoles.fr\/cms\/wp-content\/uploads\/2021\/05\/21_pc_suj_phychi.pdf\" target=\"_blank\" rel=\"noopener\">\u00c9crit PhyChi \u2013 5h \u2013 PC L<\/a><\/p>\n<p><a href=\"https:\/\/banques-ecoles.fr\/cms\/wp-content\/uploads\/2021\/07\/2021_MPPC_sujet_InfoB.pdf\" target=\"_blank\" rel=\"noopener\">\u00c9crit Info B \u2013 2h \u2013 MP-PC XELCR<\/a><\/p>\n<p><a href=\"https:\/\/banques-ecoles.fr\/cms\/wp-content\/uploads\/2021\/07\/2021_MPPC_sujet_Fr.pdf\" target=\"_blank\" rel=\"noopener\">\u00c9crit de fran\u00e7ais \u2013 4h \u2013 MP-PC XEULCR<\/a><\/p>\n<p>\u00a0<\/p>\n<p><em>\u00c9crit de langue vivante \u2013 4h \u2013 MP-PC XEULCR :<\/em><\/p>\n<ul>\n<li><a href=\"https:\/\/banques-ecoles.fr\/cms\/wp-content\/uploads\/2021\/07\/2021_MPPC_sujet_All.pdf\" target=\"_blank\" rel=\"noopener\">allemand<\/a><\/li>\n<li><a href=\"https:\/\/banques-ecoles.fr\/cms\/wp-content\/uploads\/2021\/07\/2021_MPPC_sujet_Ang.pdf\" target=\"_blank\" rel=\"noopener\">anglais<\/a><\/li>\n<li><a href=\"https:\/\/banques-ecoles.fr\/cms\/wp-content\/uploads\/2021\/07\/2021_MPPC_sujet_Arabe.pdf\" target=\"_blank\" rel=\"noopener\">arabe<\/a><\/li>\n<li><a href=\"https:\/\/banques-ecoles.fr\/cms\/wp-content\/uploads\/2021\/07\/2021_MPPC_sujet_Esp.pdf\" target=\"_blank\" rel=\"noopener\">espagnol<\/a><\/li>\n<\/ul>\n<p>\u00a0<\/p>\n","protected":false},"excerpt":{"rendered":"<p>Sujets des \u00e9preuves \u00e9crites de la banque PC, session 2021 : x \u00c9crit Math \u2013 4h \u2013 PC XEULC \u00c9crit Chi A \u2013 4h \u2013 PC XEULC \u00c9crit Chi B \u2013 6h \u2013 PC U \u00c9crit Phy A \u2013 4h <a href=\"https:\/\/banques-ecoles.fr\/cms\/filiere-pc\/annales-de-la-banque-pc\/session-2021-3\/\">[Lire la suite]<\/a><\/p>\n","protected":false},"author":5,"featured_media":0,"parent":968,"menu_order":0,"comment_status":"closed","ping_status":"closed","template":"","meta":{"footnotes":""},"class_list":["post-9211","page","type-page","status-publish","hentry"],"_links":{"self":[{"href":"https:\/\/banques-ecoles.fr\/cms\/wp-json\/wp\/v2\/pages\/9211","targetHints":{"allow":["GET"]}}],"collection":[{"href":"https:\/\/banques-ecoles.fr\/cms\/wp-json\/wp\/v2\/pages"}],"about":[{"href":"https:\/\/banques-ecoles.fr\/cms\/wp-json\/wp\/v2\/types\/page"}],"author":[{"embeddable":true,"href":"https:\/\/banques-ecoles.fr\/cms\/wp-json\/wp\/v2\/users\/5"}],"replies":[{"embeddable":true,"href":"https:\/\/banques-ecoles.fr\/cms\/wp-json\/wp\/v2\/comments?post=9211"}],"version-history":[{"count":21,"href":"https:\/\/banques-ecoles.fr\/cms\/wp-json\/wp\/v2\/pages\/9211\/revisions"}],"predecessor-version":[{"id":9639,"href":"https:\/\/banques-ecoles.fr\/cms\/wp-json\/wp\/v2\/pages\/9211\/revisions\/9639"}],"up":[{"embeddable":true,"href":"https:\/\/banques-ecoles.fr\/cms\/wp-json\/wp\/v2\/pages\/968"}],"wp:attachment":[{"href":"https:\/\/banques-ecoles.fr\/cms\/wp-json\/wp\/v2\/media?parent=9211"}],"curies":[{"name":"wp","href":"https:\/\/api.w.org\/{rel}","templated":true}]}}