{"id":9271,"date":"2021-06-07T21:35:01","date_gmt":"2021-06-07T19:35:01","guid":{"rendered":"https:\/\/banques-ecoles.fr\/cms\/?page_id=9271"},"modified":"2023-08-31T11:37:23","modified_gmt":"2023-08-31T09:37:23","slug":"session-2021-4","status":"publish","type":"page","link":"https:\/\/banques-ecoles.fr\/cms\/filiere-pc\/rapports-des-jurys-de-la-banque-pc\/session-2021-4\/","title":{"rendered":"Session 2021"},"content":{"rendered":"\n<p><strong>Rapports sur les \u00e9preuves de la banque PC 2021 :<\/strong><\/p>\n<p>\u00a0<\/p>\n<p><a href=\"https:\/\/banques-ecoles.fr\/cms\/wp-content\/uploads\/2021\/10\/21_PC_rap_ePhysA.pdf\" target=\"_blank\" rel=\"noopener\">\u00c9preuve \u00e9crite de physique A \u2013 XE<\/a><\/p>\n<p><a href=\"https:\/\/banques-ecoles.fr\/cms\/wp-content\/uploads\/2021\/10\/21_PC_rap_ePhysB.pdf\" target=\"_blank\" rel=\"noopener\">\u00c9preuve \u00e9crite de physique B \u2013 XEULC<\/a><\/p>\n<p><a href=\"https:\/\/banques-ecoles.fr\/cms\/wp-content\/uploads\/2021\/11\/21_PC_rap_ePhysC.pdf\" target=\"_blank\" rel=\"noopener\">\u00c9preuve \u00e9crite de physique C \u2013 U<\/a><\/p>\n<p><a href=\"https:\/\/banques-ecoles.fr\/cms\/wp-content\/uploads\/2021\/06\/21_pc_rap_ephychi.pdf\" target=\"_blank\" rel=\"noopener\">\u00c9preuve \u00e9crite de physique-chimie \u2013 L<\/a><\/p>\n<p><a href=\"https:\/\/banques-ecoles.fr\/cms\/wp-content\/uploads\/2021\/10\/21_PC_rap_eChiA_v2.pdf\" target=\"_blank\" rel=\"noopener\">\u00c9preuve \u00e9crite de chimie A \u2013 XEULC<\/a><\/p>\n<p><a href=\"https:\/\/banques-ecoles.fr\/cms\/wp-content\/uploads\/2021\/11\/21_PC_rap_eChiB.pdf\" target=\"_blank\" rel=\"noopener\">\u00c9preuve \u00e9crite de chimie B \u2013 U<\/a><\/p>\n<p><a href=\"https:\/\/banques-ecoles.fr\/cms\/wp-content\/uploads\/2021\/10\/21_PC_rap_eMath.pdf\" target=\"_blank\" rel=\"noopener\">\u00c9preuve \u00e9crite de math\u00e9matiques \u2013 XEULC<\/a><\/p>\n<p><a href=\"https:\/\/banques-ecoles.fr\/cms\/wp-content\/uploads\/2022\/08\/21_PC_rap_eInfoB.pdf\" target=\"_blank\" rel=\"noopener\">\u00c9preuve\u00a0\u00e9crite d\u2019info B 2h \u2013 XELC<\/a><\/p>\n<p><a href=\"https:\/\/banques-ecoles.fr\/cms\/wp-content\/uploads\/2021\/12\/21_MPPC_rapport_eFra.pdf\" target=\"_blank\" rel=\"noopener\">\u00c9preuve\u00a0\u00e9crite de fran\u00e7ais \u2013 4h \u2013 XEULC<\/a><\/p>\n<p>\u00a0<\/p>\n<p><em>\u00c9preuve \u00e9crite\u00a0\u00e9crite de LV \u2013 4h \u2013 XEULC :<\/em><\/p>\n<ul>\n<li><a href=\"https:\/\/banques-ecoles.fr\/cms\/wp-content\/uploads\/2021\/10\/21_MPPC_rapport_eAng.pdf\" target=\"_blank\" rel=\"noopener\">anglais<\/a><\/li>\n<li><a href=\"https:\/\/banques-ecoles.fr\/cms\/wp-content\/uploads\/2021\/10\/21_MPPC_rapport_eAll.pdf\" target=\"_blank\" rel=\"noopener\">allemand<\/a><\/li>\n<li><a href=\"https:\/\/banques-ecoles.fr\/cms\/wp-content\/uploads\/2021\/10\/21_MPPC_rapport_eArabe.pdf\" target=\"_blank\" rel=\"noopener\">arabe<\/a><\/li>\n<li><a href=\"https:\/\/banques-ecoles.fr\/cms\/wp-content\/uploads\/2021\/10\/21_MPPC_rapport_eEsp.pdf\" target=\"_blank\" rel=\"noopener\">espagnol<\/a><\/li>\n<\/ul>\n<p><a href=\"https:\/\/banques-ecoles.fr\/cms\/wp-content\/uploads\/2021\/08\/21_pc_rap_ophy_psl.pdf\" target=\"_blank\" rel=\"noopener\">\u00c9preuve orale de physique \u2013 LC<\/a><\/p>\n<p><a href=\"https:\/\/banques-ecoles.fr\/cms\/wp-content\/uploads\/2021\/11\/21_PC_rap_oPhysU.pdf\" target=\"_blank\" rel=\"noopener\">\u00c9preuve orale de physique \u2013 U<\/a><\/p>\n<p><a href=\"https:\/\/banques-ecoles.fr\/cms\/wp-content\/uploads\/2021\/11\/21_PC_rap_oChiLC.pdf\" target=\"_blank\" rel=\"noopener\">\u00c9preuve orale de chimie \u2013 LC<\/a><\/p>\n<p><a href=\"https:\/\/banques-ecoles.fr\/cms\/wp-content\/uploads\/2021\/11\/21_PC_rap_oChiU.pdf\" target=\"_blank\" rel=\"noopener\">\u00c9preuve orale de chimie \u2013 U<\/a><\/p>\n<p><a href=\"https:\/\/banques-ecoles.fr\/cms\/wp-content\/uploads\/2021\/12\/21_PC_rap_oMathUL.pdf\" target=\"_blank\" rel=\"noopener\">\u00c9preuve orale de math\u00e9matiques \u2013 UL<\/a><\/p>\n<p><a href=\"https:\/\/banques-ecoles.fr\/cms\/wp-content\/uploads\/2021\/07\/21_PC_rap_TPchi.pdf\" target=\"_blank\" rel=\"noopener\">\u00c9preuve de TP de chimie \u2013 ULC<\/a><\/p>\n<p><a href=\"https:\/\/banques-ecoles.fr\/cms\/wp-content\/uploads\/2021\/10\/21_pc_rap_tp_phy.pdf\" target=\"_blank\" rel=\"noopener\">\u00c9preuve de TP de physique \u2013 ULC<\/a><\/p>\n<p><a href=\"https:\/\/banques-ecoles.fr\/cms\/wp-content\/uploads\/2021\/10\/21_PC_rap_TIPE.pdf\" target=\"_blank\" rel=\"noopener\">\u00c9preuve de TIPE physique-chimie \u2013 ULC<\/a><\/p>\n<p>\u00a0<\/p>\n<p><em>\u00c9preuve orale de LV \u2013\u00a0XEULC :<\/em><\/p>\n<ul>\n<li><a href=\"https:\/\/banques-ecoles.fr\/cms\/wp-content\/uploads\/2021\/12\/21_MPPC_rapport_oAll.pdf\" target=\"_blank\" rel=\"noopener\">allemand<\/a><\/li>\n<li><a href=\"https:\/\/banques-ecoles.fr\/cms\/wp-content\/uploads\/2021\/12\/21_MPPC_rapport_oAng.pdf\" target=\"_blank\" rel=\"noopener\">anglais<\/a><\/li>\n<li><a href=\"https:\/\/banques-ecoles.fr\/cms\/wp-content\/uploads\/2021\/12\/21_MPPC_rapport_oArabe.pdf\" target=\"_blank\" rel=\"noopener\">arabe<\/a><\/li>\n<li><a href=\"https:\/\/banques-ecoles.fr\/cms\/wp-content\/uploads\/2021\/12\/21_MPPC_rapport_oEsp.pdf\" target=\"_blank\" rel=\"noopener\">espagnol<\/a><\/li>\n<\/ul>\n","protected":false},"excerpt":{"rendered":"<p>Rapports sur les \u00e9preuves de la banque PC 2021 : \u00a0 \u00c9preuve \u00e9crite de physique A \u2013 XE \u00c9preuve \u00e9crite de physique B \u2013 XEULC \u00c9preuve \u00e9crite de physique C \u2013 U \u00c9preuve \u00e9crite de physique-chimie \u2013 L \u00c9preuve \u00e9crite <a href=\"https:\/\/banques-ecoles.fr\/cms\/filiere-pc\/rapports-des-jurys-de-la-banque-pc\/session-2021-4\/\">[Lire la suite]<\/a><\/p>\n","protected":false},"author":5,"featured_media":0,"parent":969,"menu_order":0,"comment_status":"closed","ping_status":"closed","template":"","meta":{"footnotes":""},"class_list":["post-9271","page","type-page","status-publish","hentry"],"_links":{"self":[{"href":"https:\/\/banques-ecoles.fr\/cms\/wp-json\/wp\/v2\/pages\/9271","targetHints":{"allow":["GET"]}}],"collection":[{"href":"https:\/\/banques-ecoles.fr\/cms\/wp-json\/wp\/v2\/pages"}],"about":[{"href":"https:\/\/banques-ecoles.fr\/cms\/wp-json\/wp\/v2\/types\/page"}],"author":[{"embeddable":true,"href":"https:\/\/banques-ecoles.fr\/cms\/wp-json\/wp\/v2\/users\/5"}],"replies":[{"embeddable":true,"href":"https:\/\/banques-ecoles.fr\/cms\/wp-json\/wp\/v2\/comments?post=9271"}],"version-history":[{"count":36,"href":"https:\/\/banques-ecoles.fr\/cms\/wp-json\/wp\/v2\/pages\/9271\/revisions"}],"predecessor-version":[{"id":10568,"href":"https:\/\/banques-ecoles.fr\/cms\/wp-json\/wp\/v2\/pages\/9271\/revisions\/10568"}],"up":[{"embeddable":true,"href":"https:\/\/banques-ecoles.fr\/cms\/wp-json\/wp\/v2\/pages\/969"}],"wp:attachment":[{"href":"https:\/\/banques-ecoles.fr\/cms\/wp-json\/wp\/v2\/media?parent=9271"}],"curies":[{"name":"wp","href":"https:\/\/api.w.org\/{rel}","templated":true}]}}