{"id":9319,"date":"2021-06-16T15:43:34","date_gmt":"2021-06-16T13:43:34","guid":{"rendered":"https:\/\/banques-ecoles.fr\/cms\/?page_id=9319"},"modified":"2023-10-30T19:15:15","modified_gmt":"2023-10-30T17:15:15","slug":"session-2021-5","status":"publish","type":"page","link":"https:\/\/banques-ecoles.fr\/cms\/filieres-universitaires-second-concours-scientifique\/annales-du-second-concours-de-lens-de-lyon\/session-2021-5\/","title":{"rendered":"Session 2021"},"content":{"rendered":"\n<p>Sujets des \u00e9preuves \u00e9crites du concours des fili\u00e8res universitaires de l\u2019ENS de Lyon, session 2021.<\/p>\n<p><a href=\"https:\/\/banques-ecoles.fr\/cms\/wp-content\/uploads\/2021\/07\/2c2021_bio.pdf\" target=\"_blank\" rel=\"noopener\">Sujet de l&rsquo;\u00e9crit de Biologie-Biochimie<\/a><\/p>\n<p><a href=\"https:\/\/banques-ecoles.fr\/cms\/wp-content\/uploads\/2021\/07\/2c2021_chi.pdf\" target=\"_blank\" rel=\"noopener\">Sujet de l&rsquo;\u00e9crit de Chimie<\/a><\/p>\n<p><a href=\"https:\/\/banques-ecoles.fr\/cms\/wp-content\/uploads\/2021\/07\/2c2021_ST.pdf\" target=\"_blank\" rel=\"noopener\">Sujet de l&rsquo;\u00e9crit de G\u00e9osciences<\/a><\/p>\n<p><a href=\"https:\/\/banques-ecoles.fr\/cms\/wp-content\/uploads\/2021\/06\/21_2c_ephy.pdf\" target=\"_blank\" rel=\"noopener\">Sujet de l&rsquo;\u00e9crit de Physique<\/a><\/p>\n<p><a href=\"https:\/\/banques-ecoles.fr\/cms\/wp-content\/uploads\/2021\/07\/2c2021_math_v2.pdf\" target=\"_blank\" rel=\"noopener\">Sujet de l&rsquo;\u00e9crit de Math\u00e9matiques<\/a><\/p>\n<p><a href=\"https:\/\/banques-ecoles.fr\/cms\/wp-content\/uploads\/2021\/07\/2c2021_info.pdf\" target=\"_blank\" rel=\"noopener\">Sujet de l&rsquo;\u00e9crit d&rsquo;Informatique<\/a><\/p>\n","protected":false},"excerpt":{"rendered":"<p>Sujets des \u00e9preuves \u00e9crites du concours des fili\u00e8res universitaires de l\u2019ENS de Lyon, session 2021. Sujet de l&rsquo;\u00e9crit de Biologie-Biochimie Sujet de l&rsquo;\u00e9crit de Chimie Sujet de l&rsquo;\u00e9crit de G\u00e9osciences Sujet de l&rsquo;\u00e9crit de Physique Sujet de l&rsquo;\u00e9crit de Math\u00e9matiques <a href=\"https:\/\/banques-ecoles.fr\/cms\/filieres-universitaires-second-concours-scientifique\/annales-du-second-concours-de-lens-de-lyon\/session-2021-5\/\">[Lire la suite]<\/a><\/p>\n","protected":false},"author":5,"featured_media":0,"parent":1184,"menu_order":0,"comment_status":"closed","ping_status":"closed","template":"","meta":{"footnotes":""},"class_list":["post-9319","page","type-page","status-publish","hentry"],"_links":{"self":[{"href":"https:\/\/banques-ecoles.fr\/cms\/wp-json\/wp\/v2\/pages\/9319","targetHints":{"allow":["GET"]}}],"collection":[{"href":"https:\/\/banques-ecoles.fr\/cms\/wp-json\/wp\/v2\/pages"}],"about":[{"href":"https:\/\/banques-ecoles.fr\/cms\/wp-json\/wp\/v2\/types\/page"}],"author":[{"embeddable":true,"href":"https:\/\/banques-ecoles.fr\/cms\/wp-json\/wp\/v2\/users\/5"}],"replies":[{"embeddable":true,"href":"https:\/\/banques-ecoles.fr\/cms\/wp-json\/wp\/v2\/comments?post=9319"}],"version-history":[{"count":7,"href":"https:\/\/banques-ecoles.fr\/cms\/wp-json\/wp\/v2\/pages\/9319\/revisions"}],"predecessor-version":[{"id":9478,"href":"https:\/\/banques-ecoles.fr\/cms\/wp-json\/wp\/v2\/pages\/9319\/revisions\/9478"}],"up":[{"embeddable":true,"href":"https:\/\/banques-ecoles.fr\/cms\/wp-json\/wp\/v2\/pages\/1184"}],"wp:attachment":[{"href":"https:\/\/banques-ecoles.fr\/cms\/wp-json\/wp\/v2\/media?parent=9319"}],"curies":[{"name":"wp","href":"https:\/\/api.w.org\/{rel}","templated":true}]}}