{"id":969,"date":"2013-02-26T14:33:42","date_gmt":"2013-02-26T13:33:42","guid":{"rendered":"http:\/\/banques-ecoles-dev.fr\/cms\/?page_id=969"},"modified":"2025-11-05T16:28:16","modified_gmt":"2025-11-05T14:28:16","slug":"rapports-des-jurys-de-la-banque-pc","status":"publish","type":"page","link":"https:\/\/banques-ecoles.fr\/cms\/filiere-pc\/rapports-des-jurys-de-la-banque-pc\/","title":{"rendered":"Rapports des jurys de la banque PC class\u00e9s par ann\u00e9e"},"content":{"rendered":"<p>Rapports des jurys des concours de la fili\u00e8re PC.<\/p>\n<p><a href=\"https:\/\/banques-ecoles.fr\/cms\/session-2025\/\">Session 2025<\/a><\/p>\n<p><a href=\"https:\/\/banques-ecoles.fr\/cms\/session-2024-2\/\" target=\"_blank\" rel=\"noopener\">Session 2024<\/a><\/p>\n<p><a href=\"https:\/\/banques-ecoles.fr\/cms\/session-2023-3\/\" target=\"_blank\" rel=\"noopener\">Session 2023<\/a><\/p>\n<p><a href=\"https:\/\/banques-ecoles.fr\/cms\/session-2022-7\/\" target=\"_blank\" rel=\"noopener\">Session 2022<\/a><\/p>\n<p><a href=\"https:\/\/banques-ecoles.fr\/cms\/session-2021-4\/\" target=\"_blank\" rel=\"noopener\">Session 2021<\/a><\/p>\n<p><a href=\"https:\/\/banques-ecoles.fr\/cms\/filiere-pc\/rapports-des-jurys-de-la-banque-pc\/session-2020\/\" target=\"_blank\" rel=\"noopener noreferrer\">Session 2020<\/a><\/p>\n<p><a href=\"https:\/\/banques-ecoles.fr\/cms\/session-2019-4\/\" target=\"_blank\" rel=\"noopener noreferrer\">Session 2019<\/a><\/p>\n<p><a href=\"https:\/\/banques-ecoles.fr\/cms\/session-2018-4\/\">Session 2018<\/a><\/p>\n<p><a href=\"https:\/\/banques-ecoles.fr\/cms\/session-2017-5\/\">Session 2017<\/a><\/p>\n<p><a href=\"https:\/\/banques-ecoles.fr\/cms\/filiere-pc\/rapports-des-jurys-de-la-banque-pc\/session-2016\/\">Session 2016<\/a><\/p>\n<p><a href=\"https:\/\/banques-ecoles.fr\/cms\/filiere-pc\/rapports-des-jurys-de-la-banque-pc\/session-2015\/\">Session 2015<\/a><\/p>\n<p><a href=\"https:\/\/banques-ecoles.fr\/cms\/filiere-pc\/rapports-des-jurys-de-la-banque-pc\/session-2014\/\">Session 2014<\/a><br \/>\n<a href=\"https:\/\/banques-ecoles.fr\/cms\/filiere-pc\/rapports-des-jurys-de-la-banque-pc\/session-2013\/\">Session 2013<\/a><br \/>\n<a href=\"\/cms\/filiere-pc\/rapports-des-jurys-de-la-banque-pc\/session-2012\">Session 2012<\/a><\/p>\n<p><a href=\"\/cms\/filiere-pc\/rapports-des-jurys-de-la-banque-pc\/session-2011\">Session 2011<\/a><\/p>\n<p><a href=\"\/cms\/filiere-pc\/rapports-des-jurys-de-la-banque-pc\/session-2010\">Session 2010<\/a><\/p>\n<p><a href=\"\/cms\/filiere-pc\/rapports-des-jurys-de-la-banque-pc\/session-2009\">Session 2009<\/a><\/p>\n<p><a href=\"\/cms\/filiere-pc\/rapports-des-jurys-de-la-banque-pc\/session-2008\">Session 2008<\/a><\/p>\n<p><a href=\"\/cms\/filiere-pc\/rapports-des-jurys-de-la-banque-pc\/session-2007\">Session 2007<\/a><\/p>\n<p><a href=\"\/cms\/filiere-pc\/rapports-des-jurys-de-la-banque-pc\/session-2006\">Session 2006<\/a><\/p>\n<p><a href=\"\/cms\/filiere-pc\/rapports-des-jurys-de-la-banque-pc\/session-2005\">Session 2005<\/a><\/p>\n<p><a href=\"\/cms\/filiere-pc\/rapports-des-jurys-de-la-banque-pc\/session-2004\">Session 2004<\/a><\/p>\n<p><a href=\"\/cms\/filiere-pc\/rapports-des-jurys-de-la-banque-pc\/session-2003\">Session 2003<\/a><\/p>\n","protected":false},"excerpt":{"rendered":"<p>Rapports des jurys des concours de la fili\u00e8re PC. Session 2025 Session 2024 Session 2023 Session 2022 Session 2021 Session 2020 Session 2019 Session 2018 Session 2017 Session 2016 Session 2015 Session 2014 Session 2013 Session 2012 Session 2011 Session <a href=\"https:\/\/banques-ecoles.fr\/cms\/filiere-pc\/rapports-des-jurys-de-la-banque-pc\/\">[Lire la suite]<\/a><\/p>\n","protected":false},"author":1,"featured_media":0,"parent":74,"menu_order":1,"comment_status":"closed","ping_status":"open","template":"","meta":{"footnotes":""},"class_list":["post-969","page","type-page","status-publish","hentry"],"_links":{"self":[{"href":"https:\/\/banques-ecoles.fr\/cms\/wp-json\/wp\/v2\/pages\/969","targetHints":{"allow":["GET"]}}],"collection":[{"href":"https:\/\/banques-ecoles.fr\/cms\/wp-json\/wp\/v2\/pages"}],"about":[{"href":"https:\/\/banques-ecoles.fr\/cms\/wp-json\/wp\/v2\/types\/page"}],"author":[{"embeddable":true,"href":"https:\/\/banques-ecoles.fr\/cms\/wp-json\/wp\/v2\/users\/1"}],"replies":[{"embeddable":true,"href":"https:\/\/banques-ecoles.fr\/cms\/wp-json\/wp\/v2\/comments?post=969"}],"version-history":[{"count":37,"href":"https:\/\/banques-ecoles.fr\/cms\/wp-json\/wp\/v2\/pages\/969\/revisions"}],"predecessor-version":[{"id":13138,"href":"https:\/\/banques-ecoles.fr\/cms\/wp-json\/wp\/v2\/pages\/969\/revisions\/13138"}],"up":[{"embeddable":true,"href":"https:\/\/banques-ecoles.fr\/cms\/wp-json\/wp\/v2\/pages\/74"}],"wp:attachment":[{"href":"https:\/\/banques-ecoles.fr\/cms\/wp-json\/wp\/v2\/media?parent=969"}],"curies":[{"name":"wp","href":"https:\/\/api.w.org\/{rel}","templated":true}]}}