{"id":980,"date":"2013-02-26T14:36:03","date_gmt":"2013-02-26T13:36:03","guid":{"rendered":"http:\/\/banques-ecoles-dev.fr\/cms\/?page_id=980"},"modified":"2013-04-21T14:44:43","modified_gmt":"2013-04-21T13:44:43","slug":"session-2012","status":"publish","type":"page","link":"https:\/\/banques-ecoles.fr\/cms\/filiere-pc\/annales-de-la-banque-pc\/session-2012\/","title":{"rendered":"Session 2012"},"content":{"rendered":"<p>Sujets des \u00e9preuves \u00e9crites de la banque PC, pour la session 2012.<\/p>\n<p>&nbsp;<\/p>\n<p><a href=\"\/cms\/wp-content\/data\/filiere-pc\/annales-de-la-banque-pc\/session-2012\/pc2012_sujet_francais.pdf\">Sujet de l&rsquo;\u00e9crit de fran\u00e7ais &#8211; 4h &#8211; MP-PC XEULC<\/a><\/p>\n<p><a href=\"\/cms\/wp-content\/data\/filiere-pc\/annales-de-la-banque-pc\/session-2012\/pc2012_sujet_langue_vivante_expression.pdf\">Sujet LV expression \u00e9crite &#8211; 1h30 &#8211; MP-PC<\/a><\/p>\n<p><a href=\"\/cms\/wp-content\/data\/filiere-pc\/annales-de-la-banque-pc\/session-2012\/pc2012_sujet_langue_vivante_version.pdf\">Sujet LV version &#8211; 1h30 &#8211; MP-PC<\/a><\/p>\n<p><a href=\"\/cms\/wp-content\/data\/filiere-pc\/annales-de-la-banque-pc\/session-2012\/pc2012_sujet_mathematiques.pdf\">Sujet de l&rsquo;\u00e9crit Math &#8211; 4h &#8211; XEULC<\/a><\/p>\n<p><a href=\"\/cms\/wp-content\/data\/filiere-pc\/annales-de-la-banque-pc\/session-2012\/pc2012_sujet_chimie.pdf\">Sujet de l&rsquo;\u00e9crit de Chimie &#8211; 4h &#8211; XEULC<\/a><\/p>\n<p><a href=\"\/cms\/wp-content\/data\/filiere-pc\/annales-de-la-banque-pc\/session-2012\/pc2012_physique_b.pdf\">Sujet de l&rsquo;\u00e9crit Physique B &#8211; 4h &#8211; XELC<\/a><\/p>\n<p><a href=\"\/cms\/wp-content\/data\/filiere-pc\/annales-de-la-banque-pc\/session-2012\/pc2012_sujet_informatique_b.pdf\">Sujet de l&rsquo;\u00e9crit d&rsquo;informatique &#8211; 2h &#8211; XEC<\/a><\/p>\n<p><a href=\"\/cms\/wp-content\/data\/filiere-pc\/annales-de-la-banque-pc\/session-2012\/pc2012_sujet_phy_c_u.pdf\">Sujet de l&rsquo;\u00e9crit Physique C &#8211; 6h &#8211; U<\/a><\/p>\n<p><a href=\"\/cms\/wp-content\/data\/filiere-pc\/annales-de-la-banque-pc\/session-2012\/pc2012_sujet_phy_chi_lyon.pdf\">Sujet de l&rsquo;\u00e9crit Physique-Chimie &#8211; 5h &#8211; L<\/a><\/p>\n","protected":false},"excerpt":{"rendered":"<p>Sujets des \u00e9preuves \u00e9crites de la banque PC, pour la session 2012. &nbsp; Sujet de l&rsquo;\u00e9crit de fran\u00e7ais &#8211; 4h &#8211; MP-PC XEULC Sujet LV expression \u00e9crite &#8211; 1h30 &#8211; MP-PC Sujet LV version &#8211; 1h30 &#8211; MP-PC Sujet de <a href=\"https:\/\/banques-ecoles.fr\/cms\/filiere-pc\/annales-de-la-banque-pc\/session-2012\/\">[Lire la suite]<\/a><\/p>\n","protected":false},"author":1,"featured_media":0,"parent":968,"menu_order":0,"comment_status":"closed","ping_status":"open","template":"","meta":{"footnotes":""},"class_list":["post-980","page","type-page","status-publish","hentry"],"_links":{"self":[{"href":"https:\/\/banques-ecoles.fr\/cms\/wp-json\/wp\/v2\/pages\/980","targetHints":{"allow":["GET"]}}],"collection":[{"href":"https:\/\/banques-ecoles.fr\/cms\/wp-json\/wp\/v2\/pages"}],"about":[{"href":"https:\/\/banques-ecoles.fr\/cms\/wp-json\/wp\/v2\/types\/page"}],"author":[{"embeddable":true,"href":"https:\/\/banques-ecoles.fr\/cms\/wp-json\/wp\/v2\/users\/1"}],"replies":[{"embeddable":true,"href":"https:\/\/banques-ecoles.fr\/cms\/wp-json\/wp\/v2\/comments?post=980"}],"version-history":[{"count":3,"href":"https:\/\/banques-ecoles.fr\/cms\/wp-json\/wp\/v2\/pages\/980\/revisions"}],"predecessor-version":[{"id":2145,"href":"https:\/\/banques-ecoles.fr\/cms\/wp-json\/wp\/v2\/pages\/980\/revisions\/2145"}],"up":[{"embeddable":true,"href":"https:\/\/banques-ecoles.fr\/cms\/wp-json\/wp\/v2\/pages\/968"}],"wp:attachment":[{"href":"https:\/\/banques-ecoles.fr\/cms\/wp-json\/wp\/v2\/media?parent=980"}],"curies":[{"name":"wp","href":"https:\/\/api.w.org\/{rel}","templated":true}]}}