{"id":981,"date":"2013-02-26T14:36:09","date_gmt":"2013-02-26T13:36:09","guid":{"rendered":"http:\/\/banques-ecoles-dev.fr\/cms\/?page_id=981"},"modified":"2013-04-21T14:45:00","modified_gmt":"2013-04-21T13:45:00","slug":"session-2011","status":"publish","type":"page","link":"https:\/\/banques-ecoles.fr\/cms\/filiere-pc\/annales-de-la-banque-pc\/session-2011\/","title":{"rendered":"Session 2011"},"content":{"rendered":"<p>Sujets des \u00e9preuves \u00e9crites de la banque PC, pour la session 2011.<\/p>\n<p>&nbsp;<\/p>\n<p><a href=\"\/cms\/wp-content\/data\/filiere-pc\/annales-de-la-banque-pc\/session-2011\/2011%20MP-PC%20SUJET%20ECRIT%20FRANCAIS.pdf\">Sujet de l&rsquo;\u00e9crit de fran\u00e7ais MP PC \u2013 4h \u2013 XEULC<\/a><\/p>\n<p><a href=\"\/cms\/wp-content\/data\/filiere-pc\/annales-de-la-banque-pc\/session-2011\/2011%20MP-PC%20SUJET%20EXPRESSION%20ECRITE_LVA1.pdf\">Sujet LVA expression \u00e9crite &#8211; 1h30 &#8211; MP-PC<\/a><\/p>\n<p><a href=\"\/cms\/wp-content\/data\/filiere-pc\/annales-de-la-banque-pc\/session-2011\/2011%20Version_LVA2.pdf\">Sujet LVA version &#8211; 1h30 &#8211; MP-PC<\/a><\/p>\n<p><a href=\"\/cms\/wp-content\/data\/filiere-pc\/annales-de-la-banque-pc\/session-2011\/2011%20Langue%20E-B.pdf\">Sujet de l&rsquo;\u00e9crit LEB &#8211; 2h &#8211; UC<\/a><\/p>\n<p><a href=\"\/cms\/wp-content\/data\/filiere-pc\/annales-de-la-banque-pc\/session-2011\/2011%20Math_PC.pdf\">Sujet de l&rsquo;\u00e9crit Math \u2013 4h \u2013 XEULC<\/a><\/p>\n<p><a href=\"\/cms\/wp-content\/data\/filiere-pc\/annales-de-la-banque-pc\/session-2011\/2011%20Chimie_PC.pdf\">Sujet de l&rsquo;\u00e9crit Chimie \u2013 4h \u2013 XEULC<\/a><\/p>\n<p><a href=\"\/cms\/wp-content\/data\/filiere-pc\/annales-de-la-banque-pc\/session-2011\/2011%20PC%20SUJET%20ECRIT%20PHYSIQUE%20B%20-XELC.pdf\">Sujet de l&rsquo;\u00e9crit Physique B \u2013 4h \u2013 XELC<\/a><\/p>\n<p><a href=\"\/cms\/wp-content\/data\/filiere-pc\/annales-de-la-banque-pc\/session-2011\/info_b_mppc2011.pdf\">Sujet de l&rsquo;\u00e9preuve \u00e9crite d&rsquo;informatique B XEC<\/a><\/p>\n<p><a href=\"\/cms\/wp-content\/data\/filiere-pc\/annales-de-la-banque-pc\/session-2011\/2011%20Physique_PC_C.pdf\">Sujet de l&rsquo;\u00e9crit Physique C \u2013 6h \u2013 U<\/a><\/p>\n<p><a href=\"\/cms\/wp-content\/data\/filiere-pc\/annales-de-la-banque-pc\/session-2011\/2011%20Physique_Chimie_PC.pdf\">Sujet de l&rsquo;\u00e9crit Physique-chimie \u2013 5h \u2013 L<\/a><\/p>\n","protected":false},"excerpt":{"rendered":"<p>Sujets des \u00e9preuves \u00e9crites de la banque PC, pour la session 2011. &nbsp; Sujet de l&rsquo;\u00e9crit de fran\u00e7ais MP PC \u2013 4h \u2013 XEULC Sujet LVA expression \u00e9crite &#8211; 1h30 &#8211; MP-PC Sujet LVA version &#8211; 1h30 &#8211; MP-PC Sujet <a href=\"https:\/\/banques-ecoles.fr\/cms\/filiere-pc\/annales-de-la-banque-pc\/session-2011\/\">[Lire la suite]<\/a><\/p>\n","protected":false},"author":1,"featured_media":0,"parent":968,"menu_order":1,"comment_status":"closed","ping_status":"open","template":"","meta":{"footnotes":""},"class_list":["post-981","page","type-page","status-publish","hentry"],"_links":{"self":[{"href":"https:\/\/banques-ecoles.fr\/cms\/wp-json\/wp\/v2\/pages\/981","targetHints":{"allow":["GET"]}}],"collection":[{"href":"https:\/\/banques-ecoles.fr\/cms\/wp-json\/wp\/v2\/pages"}],"about":[{"href":"https:\/\/banques-ecoles.fr\/cms\/wp-json\/wp\/v2\/types\/page"}],"author":[{"embeddable":true,"href":"https:\/\/banques-ecoles.fr\/cms\/wp-json\/wp\/v2\/users\/1"}],"replies":[{"embeddable":true,"href":"https:\/\/banques-ecoles.fr\/cms\/wp-json\/wp\/v2\/comments?post=981"}],"version-history":[{"count":3,"href":"https:\/\/banques-ecoles.fr\/cms\/wp-json\/wp\/v2\/pages\/981\/revisions"}],"predecessor-version":[{"id":2146,"href":"https:\/\/banques-ecoles.fr\/cms\/wp-json\/wp\/v2\/pages\/981\/revisions\/2146"}],"up":[{"embeddable":true,"href":"https:\/\/banques-ecoles.fr\/cms\/wp-json\/wp\/v2\/pages\/968"}],"wp:attachment":[{"href":"https:\/\/banques-ecoles.fr\/cms\/wp-json\/wp\/v2\/media?parent=981"}],"curies":[{"name":"wp","href":"https:\/\/api.w.org\/{rel}","templated":true}]}}