{"id":982,"date":"2013-02-26T14:36:15","date_gmt":"2013-02-26T13:36:15","guid":{"rendered":"http:\/\/banques-ecoles-dev.fr\/cms\/?page_id=982"},"modified":"2013-04-21T14:45:23","modified_gmt":"2013-04-21T13:45:23","slug":"session-2010","status":"publish","type":"page","link":"https:\/\/banques-ecoles.fr\/cms\/filiere-pc\/annales-de-la-banque-pc\/session-2010\/","title":{"rendered":"Session 2010"},"content":{"rendered":"<p>Sujets des \u00e9preuves \u00e9crites de la banque PC, pour la session 2010.<\/p>\n<p>&nbsp;<\/p>\n<p><a href=\"\/cms\/wp-content\/data\/filiere-pc\/annales-de-la-banque-pc\/session-2010\/FRANCAIS%2010.08%20M-P.pdf\">Sujet de fran\u00e7ais<\/a><\/p>\n<p><a href=\"\/cms\/wp-content\/data\/filiere-pc\/annales-de-la-banque-pc\/session-2010\/LANGUE%20VIVANTE%20ETRANGERE%20I%2010.09%20M-P.pdf\">Sujet de langue vivante 1<\/a><\/p>\n<p><a href=\"\/cms\/wp-content\/data\/filiere-pc\/annales-de-la-banque-pc\/session-2010\/LANGUES%20ETRANGERES%20II%2010.07MP-P.pdf\">Sujet de langue \u00e9trang\u00e8re 2<\/a><\/p>\n<p><a href=\"\/cms\/wp-content\/data\/filiere-pc\/annales-de-la-banque-pc\/session-2010\/SUJET%2010.12P%20CHIMIE.pdf\">Sujet de chimie<\/a><\/p>\n<p><a href=\"\/cms\/wp-content\/data\/filiere-pc\/annales-de-la-banque-pc\/session-2010\/MATHEMATIQUES%2010.14%20P.pdf\">Sujet de math\u00e9matiques<\/a><\/p>\n<p><a href=\"\/cms\/wp-content\/data\/filiere-pc\/annales-de-la-banque-pc\/session-2010\/PHYSIQUE%20PC1%2010.11P.pdf\">Sujet de physique 1<\/a><\/p>\n<p><a href=\"\/cms\/wp-content\/data\/filiere-pc\/annales-de-la-banque-pc\/session-2010\/PHYSIQUE%20PC2%2010.13P.pdf\">Sujet de physique 2<\/a><\/p>\n","protected":false},"excerpt":{"rendered":"<p>Sujets des \u00e9preuves \u00e9crites de la banque PC, pour la session 2010. &nbsp; Sujet de fran\u00e7ais Sujet de langue vivante 1 Sujet de langue \u00e9trang\u00e8re 2 Sujet de chimie Sujet de math\u00e9matiques Sujet de physique 1 Sujet de physique 2<\/p>\n","protected":false},"author":1,"featured_media":0,"parent":968,"menu_order":2,"comment_status":"closed","ping_status":"open","template":"","meta":{"footnotes":""},"class_list":["post-982","page","type-page","status-publish","hentry"],"_links":{"self":[{"href":"https:\/\/banques-ecoles.fr\/cms\/wp-json\/wp\/v2\/pages\/982","targetHints":{"allow":["GET"]}}],"collection":[{"href":"https:\/\/banques-ecoles.fr\/cms\/wp-json\/wp\/v2\/pages"}],"about":[{"href":"https:\/\/banques-ecoles.fr\/cms\/wp-json\/wp\/v2\/types\/page"}],"author":[{"embeddable":true,"href":"https:\/\/banques-ecoles.fr\/cms\/wp-json\/wp\/v2\/users\/1"}],"replies":[{"embeddable":true,"href":"https:\/\/banques-ecoles.fr\/cms\/wp-json\/wp\/v2\/comments?post=982"}],"version-history":[{"count":3,"href":"https:\/\/banques-ecoles.fr\/cms\/wp-json\/wp\/v2\/pages\/982\/revisions"}],"predecessor-version":[{"id":2147,"href":"https:\/\/banques-ecoles.fr\/cms\/wp-json\/wp\/v2\/pages\/982\/revisions\/2147"}],"up":[{"embeddable":true,"href":"https:\/\/banques-ecoles.fr\/cms\/wp-json\/wp\/v2\/pages\/968"}],"wp:attachment":[{"href":"https:\/\/banques-ecoles.fr\/cms\/wp-json\/wp\/v2\/media?parent=982"}],"curies":[{"name":"wp","href":"https:\/\/api.w.org\/{rel}","templated":true}]}}