{"id":987,"date":"2013-02-26T14:36:47","date_gmt":"2013-02-26T13:36:47","guid":{"rendered":"http:\/\/banques-ecoles-dev.fr\/cms\/?page_id=987"},"modified":"2013-04-21T14:46:48","modified_gmt":"2013-04-21T13:46:48","slug":"session-2005","status":"publish","type":"page","link":"https:\/\/banques-ecoles.fr\/cms\/filiere-pc\/annales-de-la-banque-pc\/session-2005\/","title":{"rendered":"Session 2005"},"content":{"rendered":"<p>Sujets des \u00e9preuves \u00e9crites de la banque PC, pour la session 2005.<\/p>\n<p>&nbsp;<\/p>\n<p><a href=\"\/cms\/wp-content\/data\/filiere-pc\/annales-de-la-banque-pc\/session-2005\/sujet-2005-ecrit-mp_pc_francais.pdf\">Sujet de fran\u00e7ais<\/a><\/p>\n<p><a href=\"\/cms\/wp-content\/data\/filiere-pc\/annales-de-la-banque-pc\/session-2005\/sujet-2005-ecrit-mp_pc_langue_vivante_1.pdf\">Sujet de langue vivante 1<\/a><\/p>\n<p><a href=\"\/cms\/wp-content\/data\/filiere-pc\/annales-de-la-banque-pc\/session-2005\/sujet-2005-ecrit-mp_pc_langue_etrangere_2.pdf\">Sujet de langue \u00e9trang\u00e8re 2<\/a><\/p>\n<p><a href=\"\/cms\/wp-content\/data\/filiere-pc\/annales-de-la-banque-pc\/session-2005\/sujet-ecrit-2005-pc_chimie.pdf\">Sujet de chimie<\/a><\/p>\n<p><a href=\"\/cms\/wp-content\/data\/filiere-pc\/annales-de-la-banque-pc\/session-2005\/sujet-ecrit-2005-pc_mathematiques.pdf\">Sujet de math\u00e9matiques<\/a><\/p>\n<p><a href=\"\/cms\/wp-content\/data\/filiere-pc\/annales-de-la-banque-pc\/session-2005\/sujet-ecrit-2005-pc_physique_1.pdf\">Sujet de physique 1<\/a><\/p>\n<p><a href=\"\/cms\/wp-content\/data\/filiere-pc\/annales-de-la-banque-pc\/session-2005\/sujet-ecrit-2005-pc_physique_2.pdf\">Sujet de physique 2<\/a><\/p>\n","protected":false},"excerpt":{"rendered":"<p>Sujets des \u00e9preuves \u00e9crites de la banque PC, pour la session 2005. &nbsp; Sujet de fran\u00e7ais Sujet de langue vivante 1 Sujet de langue \u00e9trang\u00e8re 2 Sujet de chimie Sujet de math\u00e9matiques Sujet de physique 1 Sujet de physique 2<\/p>\n","protected":false},"author":1,"featured_media":0,"parent":968,"menu_order":7,"comment_status":"closed","ping_status":"open","template":"","meta":{"footnotes":""},"class_list":["post-987","page","type-page","status-publish","hentry"],"_links":{"self":[{"href":"https:\/\/banques-ecoles.fr\/cms\/wp-json\/wp\/v2\/pages\/987","targetHints":{"allow":["GET"]}}],"collection":[{"href":"https:\/\/banques-ecoles.fr\/cms\/wp-json\/wp\/v2\/pages"}],"about":[{"href":"https:\/\/banques-ecoles.fr\/cms\/wp-json\/wp\/v2\/types\/page"}],"author":[{"embeddable":true,"href":"https:\/\/banques-ecoles.fr\/cms\/wp-json\/wp\/v2\/users\/1"}],"replies":[{"embeddable":true,"href":"https:\/\/banques-ecoles.fr\/cms\/wp-json\/wp\/v2\/comments?post=987"}],"version-history":[{"count":3,"href":"https:\/\/banques-ecoles.fr\/cms\/wp-json\/wp\/v2\/pages\/987\/revisions"}],"predecessor-version":[{"id":2152,"href":"https:\/\/banques-ecoles.fr\/cms\/wp-json\/wp\/v2\/pages\/987\/revisions\/2152"}],"up":[{"embeddable":true,"href":"https:\/\/banques-ecoles.fr\/cms\/wp-json\/wp\/v2\/pages\/968"}],"wp:attachment":[{"href":"https:\/\/banques-ecoles.fr\/cms\/wp-json\/wp\/v2\/media?parent=987"}],"curies":[{"name":"wp","href":"https:\/\/api.w.org\/{rel}","templated":true}]}}