{"id":988,"date":"2013-02-26T14:36:53","date_gmt":"2013-02-26T13:36:53","guid":{"rendered":"http:\/\/banques-ecoles-dev.fr\/cms\/?page_id=988"},"modified":"2013-04-21T14:47:04","modified_gmt":"2013-04-21T13:47:04","slug":"session-2004","status":"publish","type":"page","link":"https:\/\/banques-ecoles.fr\/cms\/filiere-pc\/annales-de-la-banque-pc\/session-2004\/","title":{"rendered":"Session 2004"},"content":{"rendered":"<p>Sujets des \u00e9preuves \u00e9crites de la banque PC, pour la session 2004.<\/p>\n<p>&nbsp;<\/p>\n<p><a href=\"\/cms\/wp-content\/data\/filiere-pc\/annales-de-la-banque-pc\/session-2004\/sujet-ecrit-2004-mp_pc_francais.pdf\">Sujet de fran\u00e7ais<\/a><\/p>\n<p><a href=\"\/cms\/wp-content\/data\/filiere-pc\/annales-de-la-banque-pc\/session-2004\/sujet-ecrit-2004-mp_pc_langue_vivante_1.pdf\">Sujet de langue vivante 1<\/a><\/p>\n<p><a href=\"\/cms\/wp-content\/data\/filiere-pc\/annales-de-la-banque-pc\/session-2004\/sujet-ecrit-2004-mp_pc_langue_etrangere_2.pdf\">Sujet de langue \u00e9trang\u00e8re 2<\/a><\/p>\n<p><a href=\"\/cms\/wp-content\/data\/filiere-pc\/annales-de-la-banque-pc\/session-2004\/sujet-ecrit-2004-pc_chimie_cachan.pdf\">Sujet de chimie Cachan<\/a><\/p>\n<p><a href=\"\/cms\/wp-content\/data\/filiere-pc\/annales-de-la-banque-pc\/session-2004\/sujet-ecrit-2004-pc_chimie_lyon_paris.pdf\">Sujet de chimie Lyon-Paris<\/a><\/p>\n<p><a href=\"\/cms\/wp-content\/data\/filiere-pc\/annales-de-la-banque-pc\/session-2004\/sujet-ecrit-2004-pc_mathematiques.pdf\">Sujet de math\u00e9matiques<\/a><\/p>\n<p><a href=\"\/cms\/wp-content\/data\/filiere-pc\/annales-de-la-banque-pc\/session-2004\/sujet-ecrit-2004-pc_physique_cachan_lyon.pdf\">Sujet de physique Cachan-Lyon<\/a><\/p>\n<p><a href=\"\/cms\/wp-content\/data\/filiere-pc\/annales-de-la-banque-pc\/session-2004\/sujet-ecrit-2004-pc_physique_paris.pdf\">Sujet de physique Paris<\/a><\/p>\n","protected":false},"excerpt":{"rendered":"<p>Sujets des \u00e9preuves \u00e9crites de la banque PC, pour la session 2004. &nbsp; Sujet de fran\u00e7ais Sujet de langue vivante 1 Sujet de langue \u00e9trang\u00e8re 2 Sujet de chimie Cachan Sujet de chimie Lyon-Paris Sujet de math\u00e9matiques Sujet de physique <a href=\"https:\/\/banques-ecoles.fr\/cms\/filiere-pc\/annales-de-la-banque-pc\/session-2004\/\">[Lire la suite]<\/a><\/p>\n","protected":false},"author":1,"featured_media":0,"parent":968,"menu_order":8,"comment_status":"closed","ping_status":"open","template":"","meta":{"footnotes":""},"class_list":["post-988","page","type-page","status-publish","hentry"],"_links":{"self":[{"href":"https:\/\/banques-ecoles.fr\/cms\/wp-json\/wp\/v2\/pages\/988","targetHints":{"allow":["GET"]}}],"collection":[{"href":"https:\/\/banques-ecoles.fr\/cms\/wp-json\/wp\/v2\/pages"}],"about":[{"href":"https:\/\/banques-ecoles.fr\/cms\/wp-json\/wp\/v2\/types\/page"}],"author":[{"embeddable":true,"href":"https:\/\/banques-ecoles.fr\/cms\/wp-json\/wp\/v2\/users\/1"}],"replies":[{"embeddable":true,"href":"https:\/\/banques-ecoles.fr\/cms\/wp-json\/wp\/v2\/comments?post=988"}],"version-history":[{"count":3,"href":"https:\/\/banques-ecoles.fr\/cms\/wp-json\/wp\/v2\/pages\/988\/revisions"}],"predecessor-version":[{"id":2153,"href":"https:\/\/banques-ecoles.fr\/cms\/wp-json\/wp\/v2\/pages\/988\/revisions\/2153"}],"up":[{"embeddable":true,"href":"https:\/\/banques-ecoles.fr\/cms\/wp-json\/wp\/v2\/pages\/968"}],"wp:attachment":[{"href":"https:\/\/banques-ecoles.fr\/cms\/wp-json\/wp\/v2\/media?parent=988"}],"curies":[{"name":"wp","href":"https:\/\/api.w.org\/{rel}","templated":true}]}}